{"id":376,"date":"2017-01-13T13:03:34","date_gmt":"2017-01-13T12:03:34","guid":{"rendered":"http:\/\/logisticgroup.pl\/kontakt\/"},"modified":"2026-03-13T11:57:40","modified_gmt":"2026-03-13T10:57:40","slug":"kontakt","status":"publish","type":"page","link":"https:\/\/logisticgroup.pl\/de\/kontakt\/","title":{"rendered":"Kontakt"},"content":{"rendered":"","protected":false},"excerpt":{"rendered":"","protected":false},"author":1,"featured_media":0,"parent":0,"menu_order":0,"comment_status":"open","ping_status":"open","template":"","meta":[],"yoast_head":"<!-- This site is optimized with the Yoast SEO plugin v19.4 - https:\/\/yoast.com\/wordpress\/plugins\/seo\/ -->\n<title>Kontakt | LSG<\/title>\n<meta name=\"robots\" content=\"index, follow, max-snippet:-1, max-image-preview:large, max-video-preview:-1\" \/>\n<link rel=\"canonical\" href=\"https:\/\/logisticgroup.pl\/de\/kontakt\/\" \/>\n<meta property=\"og:locale\" content=\"de_DE\" \/>\n<meta property=\"og:type\" content=\"article\" \/>\n<meta property=\"og:title\" content=\"Kontakt | LSG\" \/>\n<meta property=\"og:description\" content=\"Zadzwo\u0144 i sprawd\u017a jak\u0105 ofert\u0119 mamy dla Ciebie!\" \/>\n<meta property=\"og:url\" content=\"https:\/\/logisticgroup.pl\/de\/kontakt\/\" \/>\n<meta property=\"og:site_name\" content=\"LSG\" \/>\n<meta property=\"article:publisher\" content=\"https:\/\/www.facebook.com\/LogisticGroup\/\" \/>\n<meta property=\"article:modified_time\" content=\"2026-03-13T10:57:40+00:00\" \/>\n<meta name=\"twitter:card\" content=\"summary\" \/>\n<meta name=\"twitter:description\" content=\"Zadzwo\u0144 i sprawd\u017a jak\u0105 ofert\u0119 mamy dla Ciebie!\" \/>\n<meta name=\"twitter:image\" content=\"http:\/\/logisticgroup.pl\/wp-content\/uploads\/2017\/01\/5.jpg\" \/>\n<script type=\"application\/ld+json\" class=\"yoast-schema-graph\">{\"@context\":\"https:\/\/schema.org\",\"@graph\":[{\"@type\":\"Organization\",\"@id\":\"https:\/\/logisticgroup.pl\/#organization\",\"name\":\"LOGISTIC SOLUTIONS GROUP\",\"url\":\"https:\/\/logisticgroup.pl\/\",\"sameAs\":[\"https:\/\/www.facebook.com\/LogisticGroup\/\"],\"logo\":{\"@type\":\"ImageObject\",\"inLanguage\":\"de\",\"@id\":\"https:\/\/logisticgroup.pl\/#\/schema\/logo\/image\/\",\"url\":\"https:\/\/logisticgroup.pl\/wp-content\/uploads\/2017\/01\/logo_kolor_100px_przezroczystosc.png\",\"contentUrl\":\"https:\/\/logisticgroup.pl\/wp-content\/uploads\/2017\/01\/logo_kolor_100px_przezroczystosc.png\",\"width\":1000,\"height\":275,\"caption\":\"LOGISTIC SOLUTIONS GROUP\"},\"image\":{\"@id\":\"https:\/\/logisticgroup.pl\/#\/schema\/logo\/image\/\"}},{\"@type\":\"WebSite\",\"@id\":\"https:\/\/logisticgroup.pl\/#website\",\"url\":\"https:\/\/logisticgroup.pl\/\",\"name\":\"LSG\",\"description\":\"\",\"publisher\":{\"@id\":\"https:\/\/logisticgroup.pl\/#organization\"},\"potentialAction\":[{\"@type\":\"SearchAction\",\"target\":{\"@type\":\"EntryPoint\",\"urlTemplate\":\"https:\/\/logisticgroup.pl\/?s={search_term_string}\"},\"query-input\":\"required name=search_term_string\"}],\"inLanguage\":\"de\"},{\"@type\":\"WebPage\",\"@id\":\"https:\/\/logisticgroup.pl\/de\/kontakt\/\",\"url\":\"https:\/\/logisticgroup.pl\/de\/kontakt\/\",\"name\":\"Kontakt | LSG\",\"isPartOf\":{\"@id\":\"https:\/\/logisticgroup.pl\/#website\"},\"datePublished\":\"2017-01-13T12:03:34+00:00\",\"dateModified\":\"2026-03-13T10:57:40+00:00\",\"breadcrumb\":{\"@id\":\"https:\/\/logisticgroup.pl\/de\/kontakt\/#breadcrumb\"},\"inLanguage\":\"de\",\"potentialAction\":[{\"@type\":\"ReadAction\",\"target\":[\"https:\/\/logisticgroup.pl\/de\/kontakt\/\"]}]},{\"@type\":\"BreadcrumbList\",\"@id\":\"https:\/\/logisticgroup.pl\/de\/kontakt\/#breadcrumb\",\"itemListElement\":[{\"@type\":\"ListItem\",\"position\":1,\"name\":\"Strona g\u0142\u00f3wna\",\"item\":\"https:\/\/logisticgroup.pl\/de\/\"},{\"@type\":\"ListItem\",\"position\":2,\"name\":\"Kontakt\"}]}]}<\/script>\n<!-- \/ Yoast SEO plugin. -->","yoast_head_json":{"title":"Kontakt | LSG","robots":{"index":"index","follow":"follow","max-snippet":"max-snippet:-1","max-image-preview":"max-image-preview:large","max-video-preview":"max-video-preview:-1"},"canonical":"https:\/\/logisticgroup.pl\/de\/kontakt\/","og_locale":"de_DE","og_type":"article","og_title":"Kontakt | LSG","og_description":"Zadzwo\u0144 i sprawd\u017a jak\u0105 ofert\u0119 mamy dla Ciebie!","og_url":"https:\/\/logisticgroup.pl\/de\/kontakt\/","og_site_name":"LSG","article_publisher":"https:\/\/www.facebook.com\/LogisticGroup\/","article_modified_time":"2026-03-13T10:57:40+00:00","twitter_card":"summary","twitter_description":"Zadzwo\u0144 i sprawd\u017a jak\u0105 ofert\u0119 mamy dla Ciebie!","twitter_image":"http:\/\/logisticgroup.pl\/wp-content\/uploads\/2017\/01\/5.jpg","schema":{"@context":"https:\/\/schema.org","@graph":[{"@type":"Organization","@id":"https:\/\/logisticgroup.pl\/#organization","name":"LOGISTIC SOLUTIONS GROUP","url":"https:\/\/logisticgroup.pl\/","sameAs":["https:\/\/www.facebook.com\/LogisticGroup\/"],"logo":{"@type":"ImageObject","inLanguage":"de","@id":"https:\/\/logisticgroup.pl\/#\/schema\/logo\/image\/","url":"https:\/\/logisticgroup.pl\/wp-content\/uploads\/2017\/01\/logo_kolor_100px_przezroczystosc.png","contentUrl":"https:\/\/logisticgroup.pl\/wp-content\/uploads\/2017\/01\/logo_kolor_100px_przezroczystosc.png","width":1000,"height":275,"caption":"LOGISTIC SOLUTIONS GROUP"},"image":{"@id":"https:\/\/logisticgroup.pl\/#\/schema\/logo\/image\/"}},{"@type":"WebSite","@id":"https:\/\/logisticgroup.pl\/#website","url":"https:\/\/logisticgroup.pl\/","name":"LSG","description":"","publisher":{"@id":"https:\/\/logisticgroup.pl\/#organization"},"potentialAction":[{"@type":"SearchAction","target":{"@type":"EntryPoint","urlTemplate":"https:\/\/logisticgroup.pl\/?s={search_term_string}"},"query-input":"required name=search_term_string"}],"inLanguage":"de"},{"@type":"WebPage","@id":"https:\/\/logisticgroup.pl\/de\/kontakt\/","url":"https:\/\/logisticgroup.pl\/de\/kontakt\/","name":"Kontakt | LSG","isPartOf":{"@id":"https:\/\/logisticgroup.pl\/#website"},"datePublished":"2017-01-13T12:03:34+00:00","dateModified":"2026-03-13T10:57:40+00:00","breadcrumb":{"@id":"https:\/\/logisticgroup.pl\/de\/kontakt\/#breadcrumb"},"inLanguage":"de","potentialAction":[{"@type":"ReadAction","target":["https:\/\/logisticgroup.pl\/de\/kontakt\/"]}]},{"@type":"BreadcrumbList","@id":"https:\/\/logisticgroup.pl\/de\/kontakt\/#breadcrumb","itemListElement":[{"@type":"ListItem","position":1,"name":"Strona g\u0142\u00f3wna","item":"https:\/\/logisticgroup.pl\/de\/"},{"@type":"ListItem","position":2,"name":"Kontakt"}]}]}},"_links":{"self":[{"href":"https:\/\/logisticgroup.pl\/de\/wp-json\/wp\/v2\/pages\/376"}],"collection":[{"href":"https:\/\/logisticgroup.pl\/de\/wp-json\/wp\/v2\/pages"}],"about":[{"href":"https:\/\/logisticgroup.pl\/de\/wp-json\/wp\/v2\/types\/page"}],"author":[{"embeddable":true,"href":"https:\/\/logisticgroup.pl\/de\/wp-json\/wp\/v2\/users\/1"}],"replies":[{"embeddable":true,"href":"https:\/\/logisticgroup.pl\/de\/wp-json\/wp\/v2\/comments?post=376"}],"version-history":[{"count":1,"href":"https:\/\/logisticgroup.pl\/de\/wp-json\/wp\/v2\/pages\/376\/revisions"}],"predecessor-version":[{"id":416,"href":"https:\/\/logisticgroup.pl\/de\/wp-json\/wp\/v2\/pages\/376\/revisions\/416"}],"wp:attachment":[{"href":"https:\/\/logisticgroup.pl\/de\/wp-json\/wp\/v2\/media?parent=376"}],"curies":[{"name":"wp","href":"https:\/\/api.w.org\/{rel}","templated":true}]}}